{"id":367,"date":"2024-01-17T08:44:01","date_gmt":"2024-01-17T07:44:01","guid":{"rendered":"https:\/\/www.studiospostandprod.fr\/legal-notice\/"},"modified":"2024-06-25T11:02:05","modified_gmt":"2024-06-25T09:02:05","slug":"legal-notice","status":"publish","type":"page","link":"https:\/\/www.studiospostandprod.fr\/en\/legal-notice\/","title":{"rendered":"Legal Notice"},"content":{"rendered":"\n<p><strong>WEBSITE EDITOR<\/strong><\/p>\n\n\n\n<p><strong>STUDIOS POST &amp; PROD,<\/strong> a simplified joint stock company (soci\u00e9t\u00e9 par actions simplifi\u00e9e), with a share capital of 20,000 euros, registered in Versailles (France) under number 803 937 366, headquartered at 14 Avenue Gustave Eiffel \u2013 78180 Montigny-le-Bretonneux (France).<\/p>\n\n\n\n<p>Director of the publication: Mr. Pierre BRANCO<\/p>\n\n\n\n<p>To contact us, please use <a href=\"https:\/\/www.studiospostandprod.fr\/en\/contact-us\/\" data-type=\"page\" data-id=\"362\">the contact form available here<\/a>.<\/p>\n\n\n\n<p><strong>HOSTED BY<\/strong><\/p>\n\n\n\n<p><strong>EDICIEL<\/strong>, alimited liability company, registered in La Rochelle (France) under number 449&nbsp;046 242, headquartered at 22 avenue Darcy &#8211; 17750 Etaules (France).<\/p>\n\n\n\n<p>Phone number: +33 681078302<\/p>\n\n\n\n<p>Email address: <a href=\"mailto:info@ediciel.com\">info@ediciel.com<\/a><\/p>\n\n\n\n<p><strong>CONCEPTION<\/strong><\/p>\n\n\n\n<p>CAPA Creative, the graphic and digital studio of <a href=\"https:\/\/www.capacorporate.com\/\" target=\"_blank\" rel=\"noreferrer noopener\">CAPA Corporate<\/a>.<\/p>\n\n\n\n<p><strong>PHOTOS CREDITS<\/strong><\/p>\n\n\n\n<p>References : \u00a9All right reserved<br>Photos (references non included) : \u00a9Julien Lutt\/<a href=\"https:\/\/www.capacorporate.com\/capa-pictures\/\" data-type=\"link\" data-id=\"https:\/\/www.capacorporate.com\/capa-pictures\/\" target=\"_blank\" rel=\"noreferrer noopener\">CAPA Pictures<\/a>.<br>&#8220;Dailies&#8221; photo: \u00a9Nedim Imre\/<a href=\"https:\/\/www.capacorporate.com\/capa-pictures\/\" data-type=\"link\" data-id=\"https:\/\/www.capacorporate.com\/capa-pictures\/\" target=\"_blank\" rel=\"noreferrer noopener\">CAPA Pictures<\/a>.<\/p>\n","protected":false},"excerpt":{"rendered":"<p>WEBSITE EDITOR STUDIOS POST &amp; PROD, a simplified joint stock company (soci\u00e9t\u00e9 par actions simplifi\u00e9e), with a share capital of 20,000 euros, registered in Versailles (France) under number 803 937 366, headquartered at 14 Avenue Gustave Eiffel \u2013 78180 Montigny-le-Bretonneux (France). Director of the publication: Mr. Pierre BRANCO To contact us, please use the contact [&hellip;]<\/p>\n","protected":false},"author":1,"featured_media":0,"parent":0,"menu_order":0,"comment_status":"closed","ping_status":"closed","template":"","meta":{"inline_featured_image":false,"footnotes":""},"class_list":["post-367","page","type-page","status-publish","hentry"],"acf":[],"yoast_head":"<!-- This site is optimized with the Yoast SEO plugin v27.4 - https:\/\/yoast.com\/product\/yoast-seo-wordpress\/ -->\n<title>Legal Notice - Studios Post &amp; Prod<\/title>\n<meta name=\"robots\" content=\"index, follow, max-snippet:-1, max-image-preview:large, max-video-preview:-1\" \/>\n<link rel=\"canonical\" href=\"https:\/\/www.studiospostandprod.fr\/en\/legal-notice\/\" \/>\n<meta property=\"og:locale\" content=\"en_US\" \/>\n<meta property=\"og:type\" content=\"article\" \/>\n<meta property=\"og:title\" content=\"Legal Notice - Studios Post &amp; Prod\" \/>\n<meta property=\"og:description\" content=\"WEBSITE EDITOR STUDIOS POST &amp; PROD, a simplified joint stock company (soci\u00e9t\u00e9 par actions simplifi\u00e9e), with a share capital of 20,000 euros, registered in Versailles (France) under number 803 937 366, headquartered at 14 Avenue Gustave Eiffel \u2013 78180 Montigny-le-Bretonneux (France). Director of the publication: Mr. Pierre BRANCO To contact us, please use the contact [&hellip;]\" \/>\n<meta property=\"og:url\" content=\"https:\/\/www.studiospostandprod.fr\/en\/legal-notice\/\" \/>\n<meta property=\"og:site_name\" content=\"Studios Post &amp; Prod\" \/>\n<meta property=\"article:modified_time\" content=\"2024-06-25T09:02:05+00:00\" \/>\n<meta property=\"og:image\" content=\"https:\/\/www.studiospostandprod.fr\/wp-content\/uploads\/2024\/04\/studiospostandprod-alaune.jpg\" \/>\n\t<meta property=\"og:image:width\" content=\"1920\" \/>\n\t<meta property=\"og:image:height\" content=\"1080\" \/>\n\t<meta property=\"og:image:type\" content=\"image\/jpeg\" \/>\n<meta name=\"twitter:card\" content=\"summary_large_image\" \/>\n<script type=\"application\/ld+json\" class=\"yoast-schema-graph\">{\"@context\":\"https:\\\/\\\/schema.org\",\"@graph\":[{\"@type\":\"WebPage\",\"@id\":\"https:\\\/\\\/www.studiospostandprod.fr\\\/en\\\/legal-notice\\\/\",\"url\":\"https:\\\/\\\/www.studiospostandprod.fr\\\/en\\\/legal-notice\\\/\",\"name\":\"Legal Notice - Studios Post &amp; Prod\",\"isPartOf\":{\"@id\":\"https:\\\/\\\/www.studiospostandprod.fr\\\/#website\"},\"datePublished\":\"2024-01-17T07:44:01+00:00\",\"dateModified\":\"2024-06-25T09:02:05+00:00\",\"breadcrumb\":{\"@id\":\"https:\\\/\\\/www.studiospostandprod.fr\\\/en\\\/legal-notice\\\/#breadcrumb\"},\"inLanguage\":\"en-US\",\"potentialAction\":[{\"@type\":\"ReadAction\",\"target\":[\"https:\\\/\\\/www.studiospostandprod.fr\\\/en\\\/legal-notice\\\/\"]}]},{\"@type\":\"BreadcrumbList\",\"@id\":\"https:\\\/\\\/www.studiospostandprod.fr\\\/en\\\/legal-notice\\\/#breadcrumb\",\"itemListElement\":[{\"@type\":\"ListItem\",\"position\":1,\"name\":\"Accueil\",\"item\":\"https:\\\/\\\/www.studiospostandprod.fr\\\/en\\\/\"},{\"@type\":\"ListItem\",\"position\":2,\"name\":\"Legal Notice\"}]},{\"@type\":\"WebSite\",\"@id\":\"https:\\\/\\\/www.studiospostandprod.fr\\\/#website\",\"url\":\"https:\\\/\\\/www.studiospostandprod.fr\\\/\",\"name\":\"Studios Post & Prod\",\"description\":\"\",\"publisher\":{\"@id\":\"https:\\\/\\\/www.studiospostandprod.fr\\\/#organization\"},\"potentialAction\":[{\"@type\":\"SearchAction\",\"target\":{\"@type\":\"EntryPoint\",\"urlTemplate\":\"https:\\\/\\\/www.studiospostandprod.fr\\\/?s={search_term_string}\"},\"query-input\":{\"@type\":\"PropertyValueSpecification\",\"valueRequired\":true,\"valueName\":\"search_term_string\"}}],\"inLanguage\":\"en-US\"},{\"@type\":\"Organization\",\"@id\":\"https:\\\/\\\/www.studiospostandprod.fr\\\/#organization\",\"name\":\"Studios Post & Prod\",\"url\":\"https:\\\/\\\/www.studiospostandprod.fr\\\/\",\"logo\":{\"@type\":\"ImageObject\",\"inLanguage\":\"en-US\",\"@id\":\"https:\\\/\\\/www.studiospostandprod.fr\\\/#\\\/schema\\\/logo\\\/image\\\/\",\"url\":\"https:\\\/\\\/www.studiospostandprod.fr\\\/wp-content\\\/uploads\\\/2024\\\/04\\\/studiospostandprod-alaune.jpg\",\"contentUrl\":\"https:\\\/\\\/www.studiospostandprod.fr\\\/wp-content\\\/uploads\\\/2024\\\/04\\\/studiospostandprod-alaune.jpg\",\"width\":1920,\"height\":1080,\"caption\":\"Studios Post & Prod\"},\"image\":{\"@id\":\"https:\\\/\\\/www.studiospostandprod.fr\\\/#\\\/schema\\\/logo\\\/image\\\/\"}}]}<\/script>\n<!-- \/ Yoast SEO plugin. -->","yoast_head_json":{"title":"Legal Notice - Studios Post &amp; Prod","robots":{"index":"index","follow":"follow","max-snippet":"max-snippet:-1","max-image-preview":"max-image-preview:large","max-video-preview":"max-video-preview:-1"},"canonical":"https:\/\/www.studiospostandprod.fr\/en\/legal-notice\/","og_locale":"en_US","og_type":"article","og_title":"Legal Notice - Studios Post &amp; Prod","og_description":"WEBSITE EDITOR STUDIOS POST &amp; PROD, a simplified joint stock company (soci\u00e9t\u00e9 par actions simplifi\u00e9e), with a share capital of 20,000 euros, registered in Versailles (France) under number 803 937 366, headquartered at 14 Avenue Gustave Eiffel \u2013 78180 Montigny-le-Bretonneux (France). Director of the publication: Mr. Pierre BRANCO To contact us, please use the contact [&hellip;]","og_url":"https:\/\/www.studiospostandprod.fr\/en\/legal-notice\/","og_site_name":"Studios Post &amp; Prod","article_modified_time":"2024-06-25T09:02:05+00:00","og_image":[{"width":1920,"height":1080,"url":"https:\/\/www.studiospostandprod.fr\/wp-content\/uploads\/2024\/04\/studiospostandprod-alaune.jpg","type":"image\/jpeg"}],"twitter_card":"summary_large_image","schema":{"@context":"https:\/\/schema.org","@graph":[{"@type":"WebPage","@id":"https:\/\/www.studiospostandprod.fr\/en\/legal-notice\/","url":"https:\/\/www.studiospostandprod.fr\/en\/legal-notice\/","name":"Legal Notice - Studios Post &amp; Prod","isPartOf":{"@id":"https:\/\/www.studiospostandprod.fr\/#website"},"datePublished":"2024-01-17T07:44:01+00:00","dateModified":"2024-06-25T09:02:05+00:00","breadcrumb":{"@id":"https:\/\/www.studiospostandprod.fr\/en\/legal-notice\/#breadcrumb"},"inLanguage":"en-US","potentialAction":[{"@type":"ReadAction","target":["https:\/\/www.studiospostandprod.fr\/en\/legal-notice\/"]}]},{"@type":"BreadcrumbList","@id":"https:\/\/www.studiospostandprod.fr\/en\/legal-notice\/#breadcrumb","itemListElement":[{"@type":"ListItem","position":1,"name":"Accueil","item":"https:\/\/www.studiospostandprod.fr\/en\/"},{"@type":"ListItem","position":2,"name":"Legal Notice"}]},{"@type":"WebSite","@id":"https:\/\/www.studiospostandprod.fr\/#website","url":"https:\/\/www.studiospostandprod.fr\/","name":"Studios Post & Prod","description":"","publisher":{"@id":"https:\/\/www.studiospostandprod.fr\/#organization"},"potentialAction":[{"@type":"SearchAction","target":{"@type":"EntryPoint","urlTemplate":"https:\/\/www.studiospostandprod.fr\/?s={search_term_string}"},"query-input":{"@type":"PropertyValueSpecification","valueRequired":true,"valueName":"search_term_string"}}],"inLanguage":"en-US"},{"@type":"Organization","@id":"https:\/\/www.studiospostandprod.fr\/#organization","name":"Studios Post & Prod","url":"https:\/\/www.studiospostandprod.fr\/","logo":{"@type":"ImageObject","inLanguage":"en-US","@id":"https:\/\/www.studiospostandprod.fr\/#\/schema\/logo\/image\/","url":"https:\/\/www.studiospostandprod.fr\/wp-content\/uploads\/2024\/04\/studiospostandprod-alaune.jpg","contentUrl":"https:\/\/www.studiospostandprod.fr\/wp-content\/uploads\/2024\/04\/studiospostandprod-alaune.jpg","width":1920,"height":1080,"caption":"Studios Post & Prod"},"image":{"@id":"https:\/\/www.studiospostandprod.fr\/#\/schema\/logo\/image\/"}}]}},"_links":{"self":[{"href":"https:\/\/www.studiospostandprod.fr\/en\/wp-json\/wp\/v2\/pages\/367","targetHints":{"allow":["GET"]}}],"collection":[{"href":"https:\/\/www.studiospostandprod.fr\/en\/wp-json\/wp\/v2\/pages"}],"about":[{"href":"https:\/\/www.studiospostandprod.fr\/en\/wp-json\/wp\/v2\/types\/page"}],"author":[{"embeddable":true,"href":"https:\/\/www.studiospostandprod.fr\/en\/wp-json\/wp\/v2\/users\/1"}],"replies":[{"embeddable":true,"href":"https:\/\/www.studiospostandprod.fr\/en\/wp-json\/wp\/v2\/comments?post=367"}],"version-history":[{"count":3,"href":"https:\/\/www.studiospostandprod.fr\/en\/wp-json\/wp\/v2\/pages\/367\/revisions"}],"predecessor-version":[{"id":632,"href":"https:\/\/www.studiospostandprod.fr\/en\/wp-json\/wp\/v2\/pages\/367\/revisions\/632"}],"wp:attachment":[{"href":"https:\/\/www.studiospostandprod.fr\/en\/wp-json\/wp\/v2\/media?parent=367"}],"curies":[{"name":"wp","href":"https:\/\/api.w.org\/{rel}","templated":true}]}}